{"id":907,"date":"2024-05-15T18:10:01","date_gmt":"2024-05-15T18:10:01","guid":{"rendered":"https:\/\/grupolecaros.com\/constructora\/?page_id=907"},"modified":"2024-05-15T22:25:03","modified_gmt":"2024-05-15T22:25:03","slug":"blog","status":"publish","type":"page","link":"https:\/\/grupolecaros.com\/constructora\/blog\/","title":{"rendered":"Blog"},"content":{"rendered":"\t\t<div data-elementor-type=\"wp-page\" data-elementor-id=\"907\" class=\"elementor elementor-907\" data-elementor-settings=\"{&quot;ha_cmc_init_switcher&quot;:&quot;no&quot;}\">\n\t\t\t\t\t\t<section class=\"elementor-section elementor-top-section elementor-element elementor-element-ca7ea4a elementor-section-boxed elementor-section-height-default elementor-section-height-default wpr-particle-no wpr-jarallax-no wpr-parallax-no wpr-sticky-section-no\" data-id=\"ca7ea4a\" data-element_type=\"section\" data-e-type=\"section\" data-settings=\"{&quot;_ha_eqh_enable&quot;:false}\">\n\t\t\t\t\t\t<div class=\"elementor-container elementor-column-gap-default\">\n\t\t\t\t\t<div class=\"elementor-column elementor-col-100 elementor-top-column elementor-element elementor-element-9c3bd03\" data-id=\"9c3bd03\" data-element_type=\"column\" data-e-type=\"column\">\n\t\t\t<div class=\"elementor-widget-wrap elementor-element-populated\">\n\t\t\t\t\t\t<div class=\"elementor-element elementor-element-35e408d section-title-style-style4 meta-visibility-show title_position_default title_hover_border_default title-default img_hover_animation_default meta_position_default tpg-is-author-icon-show author-image-visibility-icon readmore-btn-default-style grid-hover-overlay-type-always tpg-el-box-border-enable tpg-border-bottom-disable elementor-widget elementor-widget-tpg-grid-layout\" data-id=\"35e408d\" data-element_type=\"widget\" data-e-type=\"widget\" data-widget_type=\"tpg-grid-layout.default\">\n\t\t\t\t<div class=\"elementor-widget-container\">\n\t\t\t\t\t\t\t<div class=\"rt-container-fluid rt-tpg-container tpg-el-main-wrapper clearfix grid-layout3-main \"\n\t\t\t id=\"rt-tpg-container-3634261029\"\n\t\t\t data-layout=\"grid-layout3\"\n\t\t\t data-grid-style=\"tpg-full-height\"\n\t\t\t data-sc-id=\"elementor\"\n\t\t\t data-el-settings=''\n\t\t\t data-el-query=''\n\t\t\t data-el-path=''\n\t\t>\n\t\t\t\t\t\t<div class='tpg-header-wrapper '>\n\t\t\t\t\n        <div class=\"tpg-widget-heading-wrapper rt-clear heading-style4 \">\n            <span class=\"tpg-widget-heading-line line-left\"><\/span>\n\t\t\t<h2 class='tpg-widget-heading'>\n\t\t\t\n\t\t\t\t                    <span>\n\t\t\t\t\t\tBlog\t\t\t\t\t<\/span>\n\t\t\t\t\t\n\t\t\t\t\t\t\t<\/h2>            <span class=\"tpg-widget-heading-line line-right\"><\/span>\n\n\t\t\t\n        <\/div>\n\n\t\t\n\t\t\t\t\t<\/div>\n\n\t\t\t<div data-title=\"Loading ...\" class=\"rt-row rt-content-loader grid-layout3 grid-behaviour tpg-full-height grid_layout_wrapper\">\n\t\t\t\t\n<div class=\"rt-col-md-4 rt-col-sm-6 rt-col-xs-12 default rt-grid-item\" data-id=\"979\">\n\t<div class=\"rt-holder tpg-post-holder \">\n\t\t<div class=\"rt-detail rt-el-content-wrapper\">\n\t\t\t\t\t\t\t<div class=\"rt-img-holder tpg-el-image-wrap has-no-thumbnail\">\n\t\t\t\t\t<a data-id=\"979\" href=\"https:\/\/grupolecaros.com\/constructora\/blog\/colores-perfectos-para-clinica\/\" class=\"tpg-post-link\" target=\"_self\"><img fetchpriority=\"high\" class='rt-img-responsive' src='https:\/\/grupolecaros.com\/constructora\/wp-content\/uploads\/2024\/07\/Escena5_2-1.jpg' width=\"1024\" height=\"576\" alt='elecci\u00f3n de colores para cl\u00ednicas'>\t\t\n\t\t<\/a>\n\t\t        <div class=\"overlay grid-hover-content\"><\/div>\n\t\t\t\t\t\t<\/div>\n\t\t\t\n\n\t\t\t<div class=\"entry-title-wrapper\"><h3 class=\"entry-title\"><a data-id=\"979\" href=\"https:\/\/grupolecaros.com\/constructora\/blog\/colores-perfectos-para-clinica\/\" class=\"tpg-post-link\" target=\"_self\">C\u00f3mo Elegir los Colores Perfectos para tu Cl\u00ednica<\/a><\/h3><\/div>\n\t\t\t\t\t\t\t<div class=\"post-meta-tags rt-el-post-meta\">\n\t\t\t\t\t            <span class='author '>\n\n\t\t\t\t<i class='fa fa-user '><\/i><span class='author-prefix'>By<\/span><a href=\"https:\/\/grupolecaros.com\/constructora\/author\/constructoragrupolecaros\/\">constructoragrupolecaros<\/a>\t\t\t<\/span>\n\t\t\t\t\t\t\t<\/div>\n\t\t\t\n\t\t\t\t\t\t\t<div class=\"tpg-excerpt tpg-el-excerpt\">\n\t\t\t\t\t\t\t\t\t\t\t<div class=\"tpg-excerpt-inner\">\n\t\t\t\t\t\t\tCuando se trata de dise\u00f1ar una cl\u00ednica, uno de los aspectos m\u00e1s importantes y a menudo subestimados es la elecci\u00f3n de los colores perfectos para tu cl\u00ednica. Los colores no solo influyen en la est\u00e9tica...\t\t\t\t\t\t<\/div>\n\t\t\t\t\t\t\t\t\t\t\t\t\t\t<\/div>\n\t\t\t\n\t\t\t        <div class=\"post-footer\">\n            <div class=\"post-footer\">\n                <div class=\"read-more\">\n\t\t\t\t\t<a data-id=\"979\" href=\"https:\/\/grupolecaros.com\/constructora\/blog\/colores-perfectos-para-clinica\/\" class=\"tpg-post-link\" target=\"_self\">Read More<\/a>                <\/div>\n            <\/div>\n        <\/div>\n\t\t\t\t<\/div>\n\t<\/div>\n<\/div>\n\n<div class=\"rt-col-md-4 rt-col-sm-6 rt-col-xs-12 default rt-grid-item\" data-id=\"912\">\n\t<div class=\"rt-holder tpg-post-holder \">\n\t\t<div class=\"rt-detail rt-el-content-wrapper\">\n\t\t\t\t\t\t\t<div class=\"rt-img-holder tpg-el-image-wrap has-no-thumbnail\">\n\t\t\t\t\t<a data-id=\"912\" href=\"https:\/\/grupolecaros.com\/constructora\/blog\/construir-una-clinica\/\" class=\"tpg-post-link\" target=\"_self\"><img class='rt-img-responsive' src='https:\/\/grupolecaros.com\/constructora\/wp-content\/uploads\/2024\/05\/76-1024x576.jpg' width=\"1024\" height=\"576\" alt='Pasos para construir una clinica en Chile'>\t\t\n\t\t<\/a>\n\t\t        <div class=\"overlay grid-hover-content\"><\/div>\n\t\t\t\t\t\t<\/div>\n\t\t\t\n\n\t\t\t<div class=\"entry-title-wrapper\"><h3 class=\"entry-title\"><a data-id=\"912\" href=\"https:\/\/grupolecaros.com\/constructora\/blog\/construir-una-clinica\/\" class=\"tpg-post-link\" target=\"_self\">Pasos para construir una clinica en Chile<\/a><\/h3><\/div>\n\t\t\t\t\t\t\t<div class=\"post-meta-tags rt-el-post-meta\">\n\t\t\t\t\t            <span class='author '>\n\n\t\t\t\t<i class='fa fa-user '><\/i><span class='author-prefix'>By<\/span><a href=\"https:\/\/grupolecaros.com\/constructora\/author\/constructoragrupolecaros\/\">constructoragrupolecaros<\/a>\t\t\t<\/span>\n\t\t\t\t\t\t\t<\/div>\n\t\t\t\n\t\t\t\t\t\t\t<div class=\"tpg-excerpt tpg-el-excerpt\">\n\t\t\t\t\t\t\t\t\t\t\t<div class=\"tpg-excerpt-inner\">\n\t\t\t\t\t\t\tConstruir una clinica desde cero puede ser un poco abrumador si no se sabe correctamente cuales son los pasos a seguir. Para eso estamos nosotros, donde nuestro principal objetivo es orientarte en el...\t\t\t\t\t\t<\/div>\n\t\t\t\t\t\t\t\t\t\t\t\t\t\t<\/div>\n\t\t\t\n\t\t\t        <div class=\"post-footer\">\n            <div class=\"post-footer\">\n                <div class=\"read-more\">\n\t\t\t\t\t<a data-id=\"912\" href=\"https:\/\/grupolecaros.com\/constructora\/blog\/construir-una-clinica\/\" class=\"tpg-post-link\" target=\"_self\">Read More<\/a>                <\/div>\n            <\/div>\n        <\/div>\n\t\t\t\t<\/div>\n\t<\/div>\n<\/div>\n\t\t\t<\/div>\n\t\t\t\n\t\t<\/div>\n\t\t\t\t\t\t<\/div>\n\t\t\t\t<\/div>\n\t\t\t\t\t<\/div>\n\t\t<\/div>\n\t\t\t\t\t<\/div>\n\t\t<\/section>\n\t\t\t\t<\/div>\n\t\t","protected":false},"excerpt":{"rendered":"<p>Blog Pasos para construir una clinica en Chile Byconstructoragrupolecaros Construir una clinica desde cero puede ser un poco abrumador si no se sabe correctamente cuales son los pasos a seguir. Para eso estamos nosotros, donde nuestro principal objetivo es orientarte en el&#8230; Read More<\/p>\n","protected":false},"author":1,"featured_media":0,"parent":0,"menu_order":0,"comment_status":"closed","ping_status":"closed","template":"","meta":{"site-sidebar-layout":"no-sidebar","site-content-layout":"page-builder","ast-site-content-layout":"full-width-container","site-content-style":"unboxed","site-sidebar-style":"unboxed","ast-global-header-display":"","ast-banner-title-visibility":"","ast-main-header-display":"","ast-hfb-above-header-display":"","ast-hfb-below-header-display":"","ast-hfb-mobile-header-display":"","site-post-title":"disabled","ast-breadcrumbs-content":"","ast-featured-img":"disabled","footer-sml-layout":"","ast-disable-related-posts":"","theme-transparent-header-meta":"default","adv-header-id-meta":"","stick-header-meta":"","header-above-stick-meta":"","header-main-stick-meta":"","header-below-stick-meta":"","astra-migrate-meta-layouts":"set","ast-page-background-enabled":"default","ast-page-background-meta":{"desktop":{"background-color":"","background-image":"","background-repeat":"repeat","background-position":"center center","background-size":"auto","background-attachment":"scroll","background-type":"","background-media":"","overlay-type":"","overlay-color":"","overlay-opacity":"","overlay-gradient":""},"tablet":{"background-color":"","background-image":"","background-repeat":"repeat","background-position":"center center","background-size":"auto","background-attachment":"scroll","background-type":"","background-media":"","overlay-type":"","overlay-color":"","overlay-opacity":"","overlay-gradient":""},"mobile":{"background-color":"","background-image":"","background-repeat":"repeat","background-position":"center center","background-size":"auto","background-attachment":"scroll","background-type":"","background-media":"","overlay-type":"","overlay-color":"","overlay-opacity":"","overlay-gradient":""}},"ast-content-background-meta":{"desktop":{"background-color":"var(--ast-global-color-5)","background-image":"","background-repeat":"repeat","background-position":"center center","background-size":"auto","background-attachment":"scroll","background-type":"","background-media":"","overlay-type":"","overlay-color":"","overlay-opacity":"","overlay-gradient":""},"tablet":{"background-color":"var(--ast-global-color-5)","background-image":"","background-repeat":"repeat","background-position":"center center","background-size":"auto","background-attachment":"scroll","background-type":"","background-media":"","overlay-type":"","overlay-color":"","overlay-opacity":"","overlay-gradient":""},"mobile":{"background-color":"var(--ast-global-color-5)","background-image":"","background-repeat":"repeat","background-position":"center center","background-size":"auto","background-attachment":"scroll","background-type":"","background-media":"","overlay-type":"","overlay-color":"","overlay-opacity":"","overlay-gradient":""}},"footnotes":""},"class_list":["post-907","page","type-page","status-publish","hentry"],"yoast_head":"<!-- This site is optimized with the Yoast SEO plugin v26.7 - https:\/\/yoast.com\/wordpress\/plugins\/seo\/ -->\n<title>Blog - The Art of Clinic Design<\/title>\n<meta name=\"description\" content=\"Construcci\u00f3n de clinicas\" \/>\n<meta name=\"robots\" content=\"index, follow, max-snippet:-1, max-image-preview:large, max-video-preview:-1\" \/>\n<link rel=\"canonical\" href=\"https:\/\/grupolecaros.com\/constructora\/blog\/\" \/>\n<meta property=\"og:locale\" content=\"es_ES\" \/>\n<meta property=\"og:type\" content=\"article\" \/>\n<meta property=\"og:title\" content=\"Blog - The Art of Clinic Design\" \/>\n<meta property=\"og:description\" content=\"Construcci\u00f3n de clinicas\" \/>\n<meta property=\"og:url\" content=\"https:\/\/grupolecaros.com\/constructora\/blog\/\" \/>\n<meta property=\"og:site_name\" content=\"The Art of Clinic Design\" \/>\n<meta property=\"article:publisher\" content=\"https:\/\/web.facebook.com\/ElArtedeConstruirClinicas\" \/>\n<meta property=\"article:modified_time\" content=\"2024-05-15T22:25:03+00:00\" \/>\n<meta property=\"og:image\" content=\"https:\/\/grupolecaros.com\/constructora\/wp-content\/uploads\/2024\/05\/76-1024x576.jpg\" \/>\n<meta name=\"twitter:card\" content=\"summary_large_image\" \/>\n<meta name=\"twitter:label1\" content=\"Tiempo estimado de lectura\" \/>\n\t<meta name=\"twitter:data1\" content=\"1 minuto\" \/>\n<script type=\"application\/ld+json\" class=\"yoast-schema-graph\">{\"@context\":\"https:\/\/schema.org\",\"@graph\":[{\"@type\":\"WebPage\",\"@id\":\"https:\/\/grupolecaros.com\/constructora\/blog\/\",\"url\":\"https:\/\/grupolecaros.com\/constructora\/blog\/\",\"name\":\"Blog - The Art of Clinic Design\",\"isPartOf\":{\"@id\":\"https:\/\/grupolecaros.com\/constructora\/#website\"},\"primaryImageOfPage\":{\"@id\":\"https:\/\/grupolecaros.com\/constructora\/blog\/#primaryimage\"},\"image\":{\"@id\":\"https:\/\/grupolecaros.com\/constructora\/blog\/#primaryimage\"},\"thumbnailUrl\":\"https:\/\/grupolecaros.com\/constructora\/wp-content\/uploads\/2024\/05\/76-1024x576.jpg\",\"datePublished\":\"2024-05-15T18:10:01+00:00\",\"dateModified\":\"2024-05-15T22:25:03+00:00\",\"description\":\"Construcci\u00f3n de clinicas\",\"breadcrumb\":{\"@id\":\"https:\/\/grupolecaros.com\/constructora\/blog\/#breadcrumb\"},\"inLanguage\":\"es-CL\",\"potentialAction\":[{\"@type\":\"ReadAction\",\"target\":[\"https:\/\/grupolecaros.com\/constructora\/blog\/\"]}]},{\"@type\":\"ImageObject\",\"inLanguage\":\"es-CL\",\"@id\":\"https:\/\/grupolecaros.com\/constructora\/blog\/#primaryimage\",\"url\":\"https:\/\/grupolecaros.com\/constructora\/wp-content\/uploads\/2024\/05\/76.jpg\",\"contentUrl\":\"https:\/\/grupolecaros.com\/constructora\/wp-content\/uploads\/2024\/05\/76.jpg\",\"width\":1280,\"height\":720},{\"@type\":\"BreadcrumbList\",\"@id\":\"https:\/\/grupolecaros.com\/constructora\/blog\/#breadcrumb\",\"itemListElement\":[{\"@type\":\"ListItem\",\"position\":1,\"name\":\"Portada\",\"item\":\"https:\/\/grupolecaros.com\/constructora\/\"},{\"@type\":\"ListItem\",\"position\":2,\"name\":\"Blog\"}]},{\"@type\":\"WebSite\",\"@id\":\"https:\/\/grupolecaros.com\/constructora\/#website\",\"url\":\"https:\/\/grupolecaros.com\/constructora\/\",\"name\":\"The Art of Clinic Design\",\"description\":\"construcci\u00f3n de clinicas\",\"publisher\":{\"@id\":\"https:\/\/grupolecaros.com\/constructora\/#organization\"},\"potentialAction\":[{\"@type\":\"SearchAction\",\"target\":{\"@type\":\"EntryPoint\",\"urlTemplate\":\"https:\/\/grupolecaros.com\/constructora\/?s={search_term_string}\"},\"query-input\":{\"@type\":\"PropertyValueSpecification\",\"valueRequired\":true,\"valueName\":\"search_term_string\"}}],\"inLanguage\":\"es-CL\"},{\"@type\":\"Organization\",\"@id\":\"https:\/\/grupolecaros.com\/constructora\/#organization\",\"name\":\"Grupo Lecaros\",\"alternateName\":\"Grupo Lecaros - The Art of Clinic Design\",\"url\":\"https:\/\/grupolecaros.com\/constructora\/\",\"logo\":{\"@type\":\"ImageObject\",\"inLanguage\":\"es-CL\",\"@id\":\"https:\/\/grupolecaros.com\/constructora\/#\/schema\/logo\/image\/\",\"url\":\"https:\/\/grupolecaros.com\/constructora\/wp-content\/uploads\/2021\/07\/Logo-Grupo-Lecaros-alta2.png\",\"contentUrl\":\"https:\/\/grupolecaros.com\/constructora\/wp-content\/uploads\/2021\/07\/Logo-Grupo-Lecaros-alta2.png\",\"width\":2560,\"height\":2560,\"caption\":\"Grupo Lecaros\"},\"image\":{\"@id\":\"https:\/\/grupolecaros.com\/constructora\/#\/schema\/logo\/image\/\"},\"sameAs\":[\"https:\/\/web.facebook.com\/ElArtedeConstruirClinicas\",\"https:\/\/www.instagram.com\/grupolecaros\/\"]}]}<\/script>\n<!-- \/ Yoast SEO plugin. -->","yoast_head_json":{"title":"Blog - The Art of Clinic Design","description":"Construcci\u00f3n de clinicas","robots":{"index":"index","follow":"follow","max-snippet":"max-snippet:-1","max-image-preview":"max-image-preview:large","max-video-preview":"max-video-preview:-1"},"canonical":"https:\/\/grupolecaros.com\/constructora\/blog\/","og_locale":"es_ES","og_type":"article","og_title":"Blog - The Art of Clinic Design","og_description":"Construcci\u00f3n de clinicas","og_url":"https:\/\/grupolecaros.com\/constructora\/blog\/","og_site_name":"The Art of Clinic Design","article_publisher":"https:\/\/web.facebook.com\/ElArtedeConstruirClinicas","article_modified_time":"2024-05-15T22:25:03+00:00","og_image":[{"url":"https:\/\/grupolecaros.com\/constructora\/wp-content\/uploads\/2024\/05\/76-1024x576.jpg","type":"","width":"","height":""}],"twitter_card":"summary_large_image","twitter_misc":{"Tiempo estimado de lectura":"1 minuto"},"schema":{"@context":"https:\/\/schema.org","@graph":[{"@type":"WebPage","@id":"https:\/\/grupolecaros.com\/constructora\/blog\/","url":"https:\/\/grupolecaros.com\/constructora\/blog\/","name":"Blog - The Art of Clinic Design","isPartOf":{"@id":"https:\/\/grupolecaros.com\/constructora\/#website"},"primaryImageOfPage":{"@id":"https:\/\/grupolecaros.com\/constructora\/blog\/#primaryimage"},"image":{"@id":"https:\/\/grupolecaros.com\/constructora\/blog\/#primaryimage"},"thumbnailUrl":"https:\/\/grupolecaros.com\/constructora\/wp-content\/uploads\/2024\/05\/76-1024x576.jpg","datePublished":"2024-05-15T18:10:01+00:00","dateModified":"2024-05-15T22:25:03+00:00","description":"Construcci\u00f3n de clinicas","breadcrumb":{"@id":"https:\/\/grupolecaros.com\/constructora\/blog\/#breadcrumb"},"inLanguage":"es-CL","potentialAction":[{"@type":"ReadAction","target":["https:\/\/grupolecaros.com\/constructora\/blog\/"]}]},{"@type":"ImageObject","inLanguage":"es-CL","@id":"https:\/\/grupolecaros.com\/constructora\/blog\/#primaryimage","url":"https:\/\/grupolecaros.com\/constructora\/wp-content\/uploads\/2024\/05\/76.jpg","contentUrl":"https:\/\/grupolecaros.com\/constructora\/wp-content\/uploads\/2024\/05\/76.jpg","width":1280,"height":720},{"@type":"BreadcrumbList","@id":"https:\/\/grupolecaros.com\/constructora\/blog\/#breadcrumb","itemListElement":[{"@type":"ListItem","position":1,"name":"Portada","item":"https:\/\/grupolecaros.com\/constructora\/"},{"@type":"ListItem","position":2,"name":"Blog"}]},{"@type":"WebSite","@id":"https:\/\/grupolecaros.com\/constructora\/#website","url":"https:\/\/grupolecaros.com\/constructora\/","name":"The Art of Clinic Design","description":"construcci\u00f3n de clinicas","publisher":{"@id":"https:\/\/grupolecaros.com\/constructora\/#organization"},"potentialAction":[{"@type":"SearchAction","target":{"@type":"EntryPoint","urlTemplate":"https:\/\/grupolecaros.com\/constructora\/?s={search_term_string}"},"query-input":{"@type":"PropertyValueSpecification","valueRequired":true,"valueName":"search_term_string"}}],"inLanguage":"es-CL"},{"@type":"Organization","@id":"https:\/\/grupolecaros.com\/constructora\/#organization","name":"Grupo Lecaros","alternateName":"Grupo Lecaros - The Art of Clinic Design","url":"https:\/\/grupolecaros.com\/constructora\/","logo":{"@type":"ImageObject","inLanguage":"es-CL","@id":"https:\/\/grupolecaros.com\/constructora\/#\/schema\/logo\/image\/","url":"https:\/\/grupolecaros.com\/constructora\/wp-content\/uploads\/2021\/07\/Logo-Grupo-Lecaros-alta2.png","contentUrl":"https:\/\/grupolecaros.com\/constructora\/wp-content\/uploads\/2021\/07\/Logo-Grupo-Lecaros-alta2.png","width":2560,"height":2560,"caption":"Grupo Lecaros"},"image":{"@id":"https:\/\/grupolecaros.com\/constructora\/#\/schema\/logo\/image\/"},"sameAs":["https:\/\/web.facebook.com\/ElArtedeConstruirClinicas","https:\/\/www.instagram.com\/grupolecaros\/"]}]}},"rttpg_featured_image_url":null,"rttpg_author":{"display_name":"constructoragrupolecaros","author_link":"https:\/\/grupolecaros.com\/constructora\/author\/constructoragrupolecaros\/"},"rttpg_comment":0,"rttpg_category":"","rttpg_excerpt":"Blog Pasos para construir una clinica en Chile Byconstructoragrupolecaros Construir una clinica desde cero puede ser un poco abrumador si no se sabe correctamente cuales son los pasos a seguir. Para eso estamos nosotros, donde nuestro principal objetivo es orientarte en el&#8230; Read More","_links":{"self":[{"href":"https:\/\/grupolecaros.com\/constructora\/wp-json\/wp\/v2\/pages\/907","targetHints":{"allow":["GET"]}}],"collection":[{"href":"https:\/\/grupolecaros.com\/constructora\/wp-json\/wp\/v2\/pages"}],"about":[{"href":"https:\/\/grupolecaros.com\/constructora\/wp-json\/wp\/v2\/types\/page"}],"author":[{"embeddable":true,"href":"https:\/\/grupolecaros.com\/constructora\/wp-json\/wp\/v2\/users\/1"}],"replies":[{"embeddable":true,"href":"https:\/\/grupolecaros.com\/constructora\/wp-json\/wp\/v2\/comments?post=907"}],"version-history":[{"count":18,"href":"https:\/\/grupolecaros.com\/constructora\/wp-json\/wp\/v2\/pages\/907\/revisions"}],"predecessor-version":[{"id":939,"href":"https:\/\/grupolecaros.com\/constructora\/wp-json\/wp\/v2\/pages\/907\/revisions\/939"}],"wp:attachment":[{"href":"https:\/\/grupolecaros.com\/constructora\/wp-json\/wp\/v2\/media?parent=907"}],"curies":[{"name":"wp","href":"https:\/\/api.w.org\/{rel}","templated":true}]}}